{"id":8,"date":"2018-05-23T09:41:53","date_gmt":"2018-05-23T09:41:53","guid":{"rendered":"https:\/\/celina.davidrelich.com\/?page_id=8"},"modified":"2020-12-10T14:56:43","modified_gmt":"2020-12-10T14:56:43","slug":"domu","status":"publish","type":"page","link":"https:\/\/www.malaika.cz\/","title":{"rendered":"Dom\u016f"},"content":{"rendered":"<p><strong>Adresa<\/strong><br \/>\nSV\u010c Krnov<br \/>\nDobrovsk\u00e9ho 281<br \/>\n794 01 Krnov<\/p>\n<p><strong>Kontakt<\/strong><br \/>\ne: tsmalaika@gmail.com<br \/>\nm: 776 127 861<\/p>\n<p><b>Kurzy v\u017edy ve<\/b><strong>\u00a0\u010dtvrtek<\/strong><br \/>\n15:30-16:30 za\u010d\u00e1te\u010dn\u00edci<br \/>\n17:30-19:30 pokro\u010dil\u00ed (juniori, hlav\u0148\u00e1ci)<\/p>\n","protected":false},"excerpt":{"rendered":"<p>Adresa SV\u010c Krnov Dobrovsk\u00e9ho 281 794 01 Krnov Kontakt e: tsmalaika@gmail.com m: 776 127 861 Kurzy v\u017edy ve\u00a0\u010dtvrtek 15:30-16:30 za\u010d\u00e1te\u010dn\u00edci 17:30-19:30 pokro\u010dil\u00ed (juniori, hlav\u0148\u00e1ci)<\/p>\n","protected":false},"author":1,"featured_media":0,"parent":0,"menu_order":0,"comment_status":"closed","ping_status":"closed","template":"","meta":[],"_links":{"self":[{"href":"https:\/\/www.malaika.cz\/index.php\/wp-json\/wp\/v2\/pages\/8"}],"collection":[{"href":"https:\/\/www.malaika.cz\/index.php\/wp-json\/wp\/v2\/pages"}],"about":[{"href":"https:\/\/www.malaika.cz\/index.php\/wp-json\/wp\/v2\/types\/page"}],"author":[{"embeddable":true,"href":"https:\/\/www.malaika.cz\/index.php\/wp-json\/wp\/v2\/users\/1"}],"replies":[{"embeddable":true,"href":"https:\/\/www.malaika.cz\/index.php\/wp-json\/wp\/v2\/comments?post=8"}],"version-history":[{"count":3,"href":"https:\/\/www.malaika.cz\/index.php\/wp-json\/wp\/v2\/pages\/8\/revisions"}],"predecessor-version":[{"id":36,"href":"https:\/\/www.malaika.cz\/index.php\/wp-json\/wp\/v2\/pages\/8\/revisions\/36"}],"wp:attachment":[{"href":"https:\/\/www.malaika.cz\/index.php\/wp-json\/wp\/v2\/media?parent=8"}],"curies":[{"name":"wp","href":"https:\/\/api.w.org\/{rel}","templated":true}]}}